{"id":910,"date":"2024-03-04T21:58:31","date_gmt":"2024-03-04T20:58:31","guid":{"rendered":"https:\/\/kriptosignal.net\/index.php\/pravila-privatnosti-stranice-kriptosignal-net\/"},"modified":"2024-03-04T22:17:34","modified_gmt":"2024-03-04T21:17:34","slug":"pravila-privatnosti-stranice-kriptosignal-net","status":"publish","type":"page","link":"https:\/\/kriptosignal.net\/index.php\/pravila-privatnosti-stranice-kriptosignal-net\/","title":{"rendered":"Pravila privatnosti"},"content":{"rendered":"<div>\n<h1>Pravila privatnosti stranice Kriptosignal.net<\/h1>\n<p>Dobrodo\u0161li na stranicu Kriptosignal.net. U nastavku \u0107emo vam pru\u017eiti informacije o na\u0161im pravilima privatnosti kako biste bili sigurni da va\u0161e osobne informacije tretiramo s pa\u017enjom i povjerenjem.<\/p>\n<h2>Koje informacije prikupljamo?<\/h2>\n<p>Prikupljamo samo one osobne informacije koje nam dobrovoljno pru\u017eite putem na\u0161e web stranice. To mo\u017ee uklju\u010divati va\u0161e ime, e-mail adresu i druge kontakt informacije koje nam dajete prilikom registracije na na\u0161oj stranici ili slanja upita putem kontakt obrasca.<\/p>\n<h2>Kako koristimo va\u0161e informacije?<\/h2>\n<p>Informacije koje prikupljamo koristimo isklju\u010divo u svrhu pru\u017eanja usluga koje ste zatra\u017eili. Va\u0161e osobne informacije mogu se koristiti za slanje relevantnih informacija o na\u0161im proizvodima i uslugama, kao i za pobolj\u0161anje na\u0161e web stranice i prilago\u0111avanje sadr\u017eaja prema va\u0161im interesima.<\/p>\n<h2>Koje mjere sigurnosti primjenjujemo?<\/h2>\n<p>Kriptosignal.net poduzima sve razumne mjere kako bi osigurao sigurnost va\u0161ih osobnih informacija. Koristimo sigurnosne tehnologije i postupke kako bismo sprije\u010dili neovla\u0161ten pristup, otkrivanje ili promjenu va\u0161ih podataka. Va\u0161e informacije \u010duvamo na sigurnim serverima i pristup imaju samo ovla\u0161tene osobe.<\/p>\n<h2>Koje su va\u0161e opcije?<\/h2>\n<p>Ako vi\u0161e ne \u017eelite primati informacije o na\u0161im proizvodima i uslugama, mo\u017eete se odjaviti s na\u0161e mailing liste. Tako\u0111er imate pravo zatra\u017eiti pristup, ispravak ili brisanje va\u0161ih osobnih podataka. Ako imate bilo kakva pitanja ili zahtjeve u vezi s na\u0161im pravilima privatnosti, slobodno nas kontaktirajte putem kontakt obrasca na na\u0161oj web stranici.<\/p>\n<h2>Kola\u010di\u0107i (Cookies)<\/h2>\n<p>Kriptosignal.net koristi kola\u010di\u0107e kako bi pobolj\u0161ao funkcionalnost i pru\u017eio bolje korisni\u010dko iskustvo. Kola\u010di\u0107i su male tekstualne datoteke koje se pohranjuju na va\u0161em ure\u0111aju kada posjetite na\u0161u web stranicu. Oni nam omogu\u0107uju prepoznavanje va\u0161eg ure\u0111aja i prilago\u0111avanje sadr\u017eaja prema va\u0161im preferencijama. Mo\u017eete odbiti kola\u010di\u0107e ili ih izbrisati iz postavki svog preglednika, ali to mo\u017ee utjecati na funkcionalnost na\u0161e web stranice.<\/p>\n<h2>Prikupljanje podataka maloljetnika<\/h2>\n<p>Na\u0161a web stranica nije namijenjena osobama mla\u0111im od 18 godina. Ne prikupljamo namjerno osobne podatke maloljetnika. Ako saznamo da smo prikupili osobne podatke maloljetnika bez pristanka roditelja ili skrbnika, poduzet \u0107emo korake kako bismo te podatke odmah izbrisali.<\/p>\n<h2>Promjene u pravilima privatnosti<\/h2>\n<p>Mo\u017eemo povremeno a\u017eurirati na\u0161a pravila privatnosti kako bismo odra\u017eavali promjene u na\u0161im praksama i zakonskim zahtjevima. Preporu\u010dujemo vam da redovito pregledavate ovu stranicu kako biste bili upoznati s najnovijim informacijama o na\u0161im pravilima privatnosti.<\/p>\n<p>Ako imate bilo kakva pitanja ili nedoumice u vezi s na\u0161im pravilima privatnosti, slobodno nas kontaktirajte putem kontakt obrasca na na\u0161oj web stranici. Va\u0161a privatnost je va\u017ena i mi \u0107emo je \u0161tititi.<\/p>\n<\/div>\n","protected":false},"excerpt":{"rendered":"<p>Pravila privatnosti stranice Kriptosignal.net Dobrodo\u0161li na stranicu Kriptosignal.net. U nastavku \u0107emo vam pru\u017eiti informacije o na\u0161im pravilima privatnosti kako biste bili sigurni da va\u0161e osobne informacije tretiramo s pa\u017enjom i povjerenjem. Koje informacije prikupljamo? Prikupljamo samo one osobne informacije koje nam dobrovoljno pru\u017eite putem na\u0161e web stranice. To mo\u017ee uklju\u010divati va\u0161e ime, e-mail adresu i [&hellip;]<\/p>\n","protected":false},"author":1,"featured_media":0,"parent":0,"menu_order":0,"comment_status":"closed","ping_status":"closed","template":"","meta":{"_monsterinsights_skip_tracking":false,"_monsterinsights_sitenote_active":false,"_monsterinsights_sitenote_note":"","_monsterinsights_sitenote_category":0,"tdm_status":"","tdm_grid_status":"","footnotes":""},"class_list":["post-910","page","type-page","status-publish"],"aioseo_notices":[],"amp_enabled":true,"_links":{"self":[{"href":"https:\/\/kriptosignal.net\/index.php\/wp-json\/wp\/v2\/pages\/910","targetHints":{"allow":["GET"]}}],"collection":[{"href":"https:\/\/kriptosignal.net\/index.php\/wp-json\/wp\/v2\/pages"}],"about":[{"href":"https:\/\/kriptosignal.net\/index.php\/wp-json\/wp\/v2\/types\/page"}],"author":[{"embeddable":true,"href":"https:\/\/kriptosignal.net\/index.php\/wp-json\/wp\/v2\/users\/1"}],"replies":[{"embeddable":true,"href":"https:\/\/kriptosignal.net\/index.php\/wp-json\/wp\/v2\/comments?post=910"}],"version-history":[{"count":1,"href":"https:\/\/kriptosignal.net\/index.php\/wp-json\/wp\/v2\/pages\/910\/revisions"}],"predecessor-version":[{"id":915,"href":"https:\/\/kriptosignal.net\/index.php\/wp-json\/wp\/v2\/pages\/910\/revisions\/915"}],"wp:attachment":[{"href":"https:\/\/kriptosignal.net\/index.php\/wp-json\/wp\/v2\/media?parent=910"}],"curies":[{"name":"wp","href":"https:\/\/api.w.org\/{rel}","templated":true}]}}