{"id":908,"date":"2024-03-04T21:56:19","date_gmt":"2024-03-04T20:56:19","guid":{"rendered":"https:\/\/kriptosignal.net\/index.php\/uvjeti-i-pravila-koristenja-stranice-kriptosignal-net\/"},"modified":"2024-03-04T22:19:23","modified_gmt":"2024-03-04T21:19:23","slug":"uvjeti-i-pravila-koristenja-stranice-kriptosignal-net","status":"publish","type":"page","link":"https:\/\/kriptosignal.net\/index.php\/uvjeti-i-pravila-koristenja-stranice-kriptosignal-net\/","title":{"rendered":"Uvjeti kori\u0161tenja stranice"},"content":{"rendered":"<h2>Uvjeti kori\u0161tenja<\/h2>\n<p>Dobrodo\u0161li na stranicu Kriptosignal.net. Molimo vas da pa\u017eljivo pro\u010ditate i razumijete sljede\u0107e uvjete kori\u0161tenja prije nego \u0161to pristupite ili koristite na\u0161u web stranicu. Kori\u0161tenje ove stranice podrazumijeva da prihva\u0107ate ove uvjete i pravila u cijelosti. Ako se ne sla\u017eete s bilo kojim dijelom ovih uvjeta, molimo vas da ne koristite na\u0161u stranicu.<\/p>\n<h3>Op\u0107i uvjeti<\/h3>\n<p>Stranica Kriptosignal.net pru\u017ea informacije o kriptovalutama i trgovanju kriptovalutama. Sve informacije na ovoj stranici su samo op\u0107enite prirode i ne predstavljaju financijski ili investicijski savjet. Niti mi, niti na\u0161i autori, ne snosimo odgovornost za bilo kakve gubitke ili \u0161tetu koja proizlazi iz va\u0161eg kori\u0161tenja informacija na ovoj stranici.<\/p>\n<h3>Ograni\u010denja odgovornosti<\/h3>\n<p>Kriptosignal.net ne jam\u010di to\u010dnost, potpunost ili pouzdanost informacija na ovoj stranici. Sve informacije su podlo\u017ene promjenama i mo\u017ee do\u0107i do gre\u0161aka. Mi se ne obvezujemo a\u017eurirati ili ispravljati informacije na ovoj stranici. Va\u0161e kori\u0161tenje informacija na ovoj stranici je isklju\u010divo na vlastitu odgovornost.<\/p>\n<h3>Intelektualno vlasni\u0161tvo<\/h3>\n<p>Sva autorska prava i intelektualno vlasni\u0161tvo na ovoj stranici i njenom sadr\u017eaju su vlasni\u0161tvo Kriptosignal.net. Ne smijete reproducirati, distribuirati, kopirati ili na bilo koji na\u010din koristiti materijale s ove stranice bez na\u0161e izri\u010dite pismene dozvole.<\/p>\n<h3>Vanjske poveznice<\/h3>\n<p>Ova stranica mo\u017ee sadr\u017eavati poveznice na vanjske web stranice koje nisu pod na\u0161om kontrolom. Mi ne snosimo odgovornost za sadr\u017eaj ili politiku privatnosti tih stranica. Kori\u0161tenje vanjskih poveznica je isklju\u010divo na vlastitu odgovornost.<\/p>\n<h3>Za\u0161tita privatnosti<\/h3>\n<p>Va\u0161a privatnost nam je va\u017ena. Molimo vas da pro\u010ditate na\u0161u Politiku privatnosti kako biste bolje razumjeli kako prikupljamo, koristimo i \u0161titimo va\u0161e osobne podatke prilikom kori\u0161tenja ove stranice.<\/p>\n<h3>Izmjene uvjeta<\/h3>\n<p>Kriptosignal.net zadr\u017eava pravo izmjene ovih uvjeta kori\u0161tenja u bilo kojem trenutku. Preporu\u010dujemo vam da povremeno provjerite ovu stranicu radi a\u017euriranja uvjeta kori\u0161tenja. Va\u0161e daljnje kori\u0161tenje ove stranice nakon objave bilo kakvih promjena zna\u010di da prihva\u0107ate te promjene.<\/p>\n<h3>Kontakt<\/h3>\n<p>Ako imate bilo kakva pitanja ili primjedbe u vezi s uvjetima kori\u0161tenja, molimo vas da nas kontaktirate putem obrasca za kontakt na na\u0161oj stranici.<\/p>\n<p>Zahvaljujemo vam na posjeti stranici Kriptosignal.net i nadamo se da \u0107ete prona\u0107i korisne informacije o kriptovalutama i trgovanju kriptovalutama.<\/p>\n","protected":false},"excerpt":{"rendered":"<p>Uvjeti kori\u0161tenja Dobrodo\u0161li na stranicu Kriptosignal.net. Molimo vas da pa\u017eljivo pro\u010ditate i razumijete sljede\u0107e uvjete kori\u0161tenja prije nego \u0161to pristupite ili koristite na\u0161u web stranicu. Kori\u0161tenje ove stranice podrazumijeva da prihva\u0107ate ove uvjete i pravila u cijelosti. Ako se ne sla\u017eete s bilo kojim dijelom ovih uvjeta, molimo vas da ne koristite na\u0161u stranicu. Op\u0107i [&hellip;]<\/p>\n","protected":false},"author":1,"featured_media":0,"parent":0,"menu_order":0,"comment_status":"closed","ping_status":"closed","template":"","meta":{"_monsterinsights_skip_tracking":false,"_monsterinsights_sitenote_active":false,"_monsterinsights_sitenote_note":"","_monsterinsights_sitenote_category":0,"tdm_status":"","tdm_grid_status":"","footnotes":""},"class_list":["post-908","page","type-page","status-publish"],"aioseo_notices":[],"amp_enabled":true,"_links":{"self":[{"href":"https:\/\/kriptosignal.net\/index.php\/wp-json\/wp\/v2\/pages\/908","targetHints":{"allow":["GET"]}}],"collection":[{"href":"https:\/\/kriptosignal.net\/index.php\/wp-json\/wp\/v2\/pages"}],"about":[{"href":"https:\/\/kriptosignal.net\/index.php\/wp-json\/wp\/v2\/types\/page"}],"author":[{"embeddable":true,"href":"https:\/\/kriptosignal.net\/index.php\/wp-json\/wp\/v2\/users\/1"}],"replies":[{"embeddable":true,"href":"https:\/\/kriptosignal.net\/index.php\/wp-json\/wp\/v2\/comments?post=908"}],"version-history":[{"count":2,"href":"https:\/\/kriptosignal.net\/index.php\/wp-json\/wp\/v2\/pages\/908\/revisions"}],"predecessor-version":[{"id":917,"href":"https:\/\/kriptosignal.net\/index.php\/wp-json\/wp\/v2\/pages\/908\/revisions\/917"}],"wp:attachment":[{"href":"https:\/\/kriptosignal.net\/index.php\/wp-json\/wp\/v2\/media?parent=908"}],"curies":[{"name":"wp","href":"https:\/\/api.w.org\/{rel}","templated":true}]}}